{"id":512,"date":"2016-11-09T19:40:15","date_gmt":"2016-11-09T18:40:15","guid":{"rendered":"http:\/\/www.groupenewton.com\/?page_id=512"},"modified":"2017-06-12T11:59:35","modified_gmt":"2017-06-12T09:59:35","slug":"devenir-proprietaire-un-investissement-intelligent-et-payant","status":"publish","type":"page","link":"https:\/\/www.groupenewton.com\/en\/acheter\/devenir-proprietaire-un-investissement-intelligent-et-payant\/","title":{"rendered":"Owning property is an intelligent and rewarding investment!"},"content":{"rendered":"<p><section  class=\"bg_alternate_trans Call2Action Invest\"><div class=\"layout-content text-align-left\" style=\"\"><div class=\"content\"><\/p>\n<section class='row '><\/p>\n<p><div class=\"heading h4  text-align-center\"><span>Owning your own home is a lucrative investment which frees you from unrewarding rent payments and the limited lifestyle of a tenant. <\/span><div class=\"post-heading\"><\/div><\/div><\/p>\n<p><\/section>\n<p><\/div><\/div><\/section><\/p>\n<section  class=\"bg_normal \"><div class=\"layout-content text-align-left\" style=\"\"><div class=\"content\"><\/p>\n<p><section class='row '><\/p>\n<p><div class='span50 align-left   text-align-left' style='color:'><\/p>\n<h2><\/h2>\n<p>Thinking of buying your first home? Whether you prefer a condo, town house, or single family dwelling, you stand to reap significant benefits by owing property.<br \/>\nAbove and beyond the thrill of creating your personalized living space, your monthly rent payments are converted into investments \u2013 and you\u2019re now free from landlord constraints.<\/p>\n<h2>INVESTING FOR THE\u00a0FUTURE.<\/h2>\n<p>No doubt you\u2019re aware of the sky-rocketing surge in housing prices which has taken place over the past decade. Fortunately, investments in real estate have consistently increased in value over time.<\/p>\n<p>If you have the means to buy a duplex, triplex or other type of multiplex (and are also adequately equipped to deal with tenant management issues!), you can benefit from an additional source of revenue.<\/p>\n<p><\/div><\/p>\n<p><div class='span50 align-left   text-align-left' style='color:'><\/p>\n<h2>PAYING YOURSELF.<\/h2>\n<p>No more unprofitable cash outlays! It\u2019s great to know that now your monthly payments are incrementally contributing to a capital asset. Moreover, depending on your mortgage repayment plan, you may be eligible for an advantageous fixed interest rate. So say good-bye to annual (and sometimes questionable) rent increases.<\/p>\n<h2>MAKE YOUR DREAMS COME TRUE!<\/h2>\n<p>Have you always dreamt of having a swimming pool, a congenial recreation room with a billiard table, or a playroom for the children? Now your living space can reflect your lifestyle, knowing that any such upgrades can only increase your home\u2019s allure and eventual resale value.<\/p>\n<p>Owning your own home means being able to build a future which bears the hallmarks of your personal affinities, activities and lifestyle.<\/p>\n<p><\/div><\/p>\n<p><\/section><\/p>\n<p><\/div><\/div><\/section>\n<section  class=\"bg_alternate_trans Call2Action Invest bottom\"><div class=\"layout-content text-align-left\" style=\"\"><div class=\"content\">\n<section class='row '><\/section>\n<p><\/div><\/div><\/section><\/p>","protected":false},"excerpt":{"rendered":"","protected":false},"author":121,"featured_media":0,"parent":7,"menu_order":3,"comment_status":"closed","ping_status":"closed","template":"page-fullwidth.php","meta":{"_acf_changed":false,"footnotes":""},"class_list":["post-512","page","type-page","status-publish","hentry"],"acf":[],"yoast_head":"<!-- This site is optimized with the Yoast SEO plugin v26.7 - https:\/\/yoast.com\/wordpress\/plugins\/seo\/ -->\n<title>Achat premi\u00e8re maison \u2502 Devenir propri\u00e9taire<\/title>\n<meta name=\"description\" content=\"Achat d\u2019une premi\u00e8re maison ou condo ! D\u00e9couvrez avec le Groupe Newton les nombreux avantages de devenir propri\u00e9taire. Info : 450 619-0099.\" \/>\n<meta name=\"robots\" content=\"index, follow, max-snippet:-1, max-image-preview:large, max-video-preview:-1\" \/>\n<link rel=\"canonical\" href=\"http:\/\/www.groupenewton.com\/acheter\/devenir-proprietaire-un-investissement-intelligent-et-payant\/\" \/>\n<meta property=\"og:locale\" content=\"en_US\" \/>\n<meta property=\"og:type\" content=\"article\" \/>\n<meta property=\"og:title\" content=\"Achat premi\u00e8re maison \u2502 Devenir propri\u00e9taire\" \/>\n<meta property=\"og:description\" content=\"Achat d\u2019une premi\u00e8re maison ou condo ! D\u00e9couvrez avec le Groupe Newton les nombreux avantages de devenir propri\u00e9taire. Info : 450 619-0099.\" \/>\n<meta property=\"og:url\" content=\"http:\/\/www.groupenewton.com\/acheter\/devenir-proprietaire-un-investissement-intelligent-et-payant\/\" \/>\n<meta property=\"article:modified_time\" content=\"2017-06-12T09:59:35+00:00\" \/>\n<meta name=\"twitter:card\" content=\"summary_large_image\" \/>\n<meta name=\"twitter:label1\" content=\"Est. reading time\" \/>\n\t<meta name=\"twitter:data1\" content=\"3 minutes\" \/>\n<script type=\"application\/ld+json\" class=\"yoast-schema-graph\">{\"@context\":\"https:\/\/schema.org\",\"@graph\":[{\"@type\":\"WebPage\",\"@id\":\"http:\/\/www.groupenewton.com\/acheter\/devenir-proprietaire-un-investissement-intelligent-et-payant\/\",\"url\":\"http:\/\/www.groupenewton.com\/acheter\/devenir-proprietaire-un-investissement-intelligent-et-payant\/\",\"name\":\"Achat premi\u00e8re maison \u2502 Devenir propri\u00e9taire\",\"isPartOf\":{\"@id\":\"https:\/\/www.groupenewton.com\/#website\"},\"datePublished\":\"2016-11-09T18:40:15+00:00\",\"dateModified\":\"2017-06-12T09:59:35+00:00\",\"description\":\"Achat d\u2019une premi\u00e8re maison ou condo ! D\u00e9couvrez avec le Groupe Newton les nombreux avantages de devenir propri\u00e9taire. Info : 450 619-0099.\",\"breadcrumb\":{\"@id\":\"http:\/\/www.groupenewton.com\/acheter\/devenir-proprietaire-un-investissement-intelligent-et-payant\/#breadcrumb\"},\"inLanguage\":\"en-US\",\"potentialAction\":[{\"@type\":\"ReadAction\",\"target\":[\"http:\/\/www.groupenewton.com\/acheter\/devenir-proprietaire-un-investissement-intelligent-et-payant\/\"]}]},{\"@type\":\"BreadcrumbList\",\"@id\":\"http:\/\/www.groupenewton.com\/acheter\/devenir-proprietaire-un-investissement-intelligent-et-payant\/#breadcrumb\",\"itemListElement\":[{\"@type\":\"ListItem\",\"position\":1,\"name\":\"Accueil\",\"item\":\"https:\/\/www.groupenewton.com\/\"},{\"@type\":\"ListItem\",\"position\":2,\"name\":\"Acheter\",\"item\":\"https:\/\/www.groupenewton.com\/acheter\/\"},{\"@type\":\"ListItem\",\"position\":3,\"name\":\"Devenir propri\u00e9taire\u00a0: un investissement intelligent et payant!\"}]},{\"@type\":\"WebSite\",\"@id\":\"https:\/\/www.groupenewton.com\/#website\",\"url\":\"https:\/\/www.groupenewton.com\/\",\"name\":\"\",\"description\":\"\",\"potentialAction\":[{\"@type\":\"SearchAction\",\"target\":{\"@type\":\"EntryPoint\",\"urlTemplate\":\"https:\/\/www.groupenewton.com\/?s={search_term_string}\"},\"query-input\":{\"@type\":\"PropertyValueSpecification\",\"valueRequired\":true,\"valueName\":\"search_term_string\"}}],\"inLanguage\":\"en-US\"}]}<\/script>\n<!-- \/ Yoast SEO plugin. -->","yoast_head_json":{"title":"Achat premi\u00e8re maison \u2502 Devenir propri\u00e9taire","description":"Achat d\u2019une premi\u00e8re maison ou condo ! D\u00e9couvrez avec le Groupe Newton les nombreux avantages de devenir propri\u00e9taire. Info : 450 619-0099.","robots":{"index":"index","follow":"follow","max-snippet":"max-snippet:-1","max-image-preview":"max-image-preview:large","max-video-preview":"max-video-preview:-1"},"canonical":"http:\/\/www.groupenewton.com\/acheter\/devenir-proprietaire-un-investissement-intelligent-et-payant\/","og_locale":"en_US","og_type":"article","og_title":"Achat premi\u00e8re maison \u2502 Devenir propri\u00e9taire","og_description":"Achat d\u2019une premi\u00e8re maison ou condo ! D\u00e9couvrez avec le Groupe Newton les nombreux avantages de devenir propri\u00e9taire. Info : 450 619-0099.","og_url":"http:\/\/www.groupenewton.com\/acheter\/devenir-proprietaire-un-investissement-intelligent-et-payant\/","article_modified_time":"2017-06-12T09:59:35+00:00","twitter_card":"summary_large_image","twitter_misc":{"Est. reading time":"3 minutes"},"schema":{"@context":"https:\/\/schema.org","@graph":[{"@type":"WebPage","@id":"http:\/\/www.groupenewton.com\/acheter\/devenir-proprietaire-un-investissement-intelligent-et-payant\/","url":"http:\/\/www.groupenewton.com\/acheter\/devenir-proprietaire-un-investissement-intelligent-et-payant\/","name":"Achat premi\u00e8re maison \u2502 Devenir propri\u00e9taire","isPartOf":{"@id":"https:\/\/www.groupenewton.com\/#website"},"datePublished":"2016-11-09T18:40:15+00:00","dateModified":"2017-06-12T09:59:35+00:00","description":"Achat d\u2019une premi\u00e8re maison ou condo ! D\u00e9couvrez avec le Groupe Newton les nombreux avantages de devenir propri\u00e9taire. Info : 450 619-0099.","breadcrumb":{"@id":"http:\/\/www.groupenewton.com\/acheter\/devenir-proprietaire-un-investissement-intelligent-et-payant\/#breadcrumb"},"inLanguage":"en-US","potentialAction":[{"@type":"ReadAction","target":["http:\/\/www.groupenewton.com\/acheter\/devenir-proprietaire-un-investissement-intelligent-et-payant\/"]}]},{"@type":"BreadcrumbList","@id":"http:\/\/www.groupenewton.com\/acheter\/devenir-proprietaire-un-investissement-intelligent-et-payant\/#breadcrumb","itemListElement":[{"@type":"ListItem","position":1,"name":"Accueil","item":"https:\/\/www.groupenewton.com\/"},{"@type":"ListItem","position":2,"name":"Acheter","item":"https:\/\/www.groupenewton.com\/acheter\/"},{"@type":"ListItem","position":3,"name":"Devenir propri\u00e9taire\u00a0: un investissement intelligent et payant!"}]},{"@type":"WebSite","@id":"https:\/\/www.groupenewton.com\/#website","url":"https:\/\/www.groupenewton.com\/","name":"","description":"","potentialAction":[{"@type":"SearchAction","target":{"@type":"EntryPoint","urlTemplate":"https:\/\/www.groupenewton.com\/?s={search_term_string}"},"query-input":{"@type":"PropertyValueSpecification","valueRequired":true,"valueName":"search_term_string"}}],"inLanguage":"en-US"}]}},"_links":{"self":[{"href":"https:\/\/www.groupenewton.com\/en\/wp-json\/wp\/v2\/pages\/512","targetHints":{"allow":["GET"]}}],"collection":[{"href":"https:\/\/www.groupenewton.com\/en\/wp-json\/wp\/v2\/pages"}],"about":[{"href":"https:\/\/www.groupenewton.com\/en\/wp-json\/wp\/v2\/types\/page"}],"author":[{"embeddable":true,"href":"https:\/\/www.groupenewton.com\/en\/wp-json\/wp\/v2\/users\/121"}],"replies":[{"embeddable":true,"href":"https:\/\/www.groupenewton.com\/en\/wp-json\/wp\/v2\/comments?post=512"}],"version-history":[{"count":2,"href":"https:\/\/www.groupenewton.com\/en\/wp-json\/wp\/v2\/pages\/512\/revisions"}],"predecessor-version":[{"id":1145,"href":"https:\/\/www.groupenewton.com\/en\/wp-json\/wp\/v2\/pages\/512\/revisions\/1145"}],"up":[{"embeddable":true,"href":"https:\/\/www.groupenewton.com\/en\/wp-json\/wp\/v2\/pages\/7"}],"wp:attachment":[{"href":"https:\/\/www.groupenewton.com\/en\/wp-json\/wp\/v2\/media?parent=512"}],"curies":[{"name":"wp","href":"https:\/\/api.w.org\/{rel}","templated":true}]}}